{"id":272,"date":"2024-02-21T11:31:22","date_gmt":"2024-02-21T14:31:22","guid":{"rendered":"https:\/\/marianataglioretti.com\/?page_id=272"},"modified":"2024-04-04T15:09:56","modified_gmt":"2024-04-04T18:09:56","slug":"bio-2","status":"publish","type":"page","link":"https:\/\/marianataglioretti.com\/index.php\/bio-2\/","title":{"rendered":"BIO"},"content":{"rendered":"\t\t<div data-elementor-type=\"wp-page\" data-elementor-id=\"272\" class=\"elementor elementor-272\">\n\t\t\t\t<div class=\"elementor-element elementor-element-e08f1a9 e-con-full e-flex e-con e-parent\" data-id=\"e08f1a9\" data-element_type=\"container\" data-settings=\"{&quot;background_background&quot;:&quot;classic&quot;}\">\n\t\t\t\t<div class=\"elementor-element elementor-element-5801021 elementor-widget elementor-widget-spacer\" data-id=\"5801021\" data-element_type=\"widget\" data-widget_type=\"spacer.default\">\n\t\t\t\t<div class=\"elementor-widget-container\">\n\t\t\t\t\t\t\t<div class=\"elementor-spacer\">\n\t\t\t<div class=\"elementor-spacer-inner\"><\/div>\n\t\t<\/div>\n\t\t\t\t\t\t<\/div>\n\t\t\t\t<\/div>\n\t\t\t\t<div class=\"elementor-element elementor-element-dacb76e elementor-widget elementor-widget-heading\" data-id=\"dacb76e\" data-element_type=\"widget\" data-widget_type=\"heading.default\">\n\t\t\t\t<div class=\"elementor-widget-container\">\n\t\t\t\t\t<h2 class=\"elementor-heading-title elementor-size-default\">bio<\/h2>\t\t\t\t<\/div>\n\t\t\t\t<\/div>\n\t\t\t\t<div class=\"elementor-element elementor-element-b8e1436 elementor-widget elementor-widget-spacer\" data-id=\"b8e1436\" data-element_type=\"widget\" data-widget_type=\"spacer.default\">\n\t\t\t\t<div class=\"elementor-widget-container\">\n\t\t\t\t\t\t\t<div class=\"elementor-spacer\">\n\t\t\t<div class=\"elementor-spacer-inner\"><\/div>\n\t\t<\/div>\n\t\t\t\t\t\t<\/div>\n\t\t\t\t<\/div>\n\t\t\t\t<div class=\"elementor-element elementor-element-af69281 elementor-widget elementor-widget-spacer\" data-id=\"af69281\" data-element_type=\"widget\" data-widget_type=\"spacer.default\">\n\t\t\t\t<div class=\"elementor-widget-container\">\n\t\t\t\t\t\t\t<div class=\"elementor-spacer\">\n\t\t\t<div class=\"elementor-spacer-inner\"><\/div>\n\t\t<\/div>\n\t\t\t\t\t\t<\/div>\n\t\t\t\t<\/div>\n\t\t\t\t<\/div>\n\t\t<div class=\"elementor-element elementor-element-d4f1288 e-flex e-con-boxed e-con e-parent\" data-id=\"d4f1288\" data-element_type=\"container\">\n\t\t\t\t\t<div class=\"e-con-inner\">\n\t\t\t\t<div class=\"elementor-element elementor-element-f34a627 elementor-widget elementor-widget-image\" data-id=\"f34a627\" data-element_type=\"widget\" data-widget_type=\"image.default\">\n\t\t\t\t<div class=\"elementor-widget-container\">\n\t\t\t\t\t\t\t\t\t\t\t\t\t\t\t<img fetchpriority=\"high\" decoding=\"async\" width=\"1024\" height=\"811\" src=\"https:\/\/marianataglioretti.com\/wp-content\/uploads\/2024\/03\/DSC06487-1024x811.jpg\" class=\"attachment-large size-large wp-image-409\" alt=\"\" srcset=\"https:\/\/marianataglioretti.com\/wp-content\/uploads\/2024\/03\/DSC06487-1024x811.jpg 1024w, https:\/\/marianataglioretti.com\/wp-content\/uploads\/2024\/03\/DSC06487-300x237.jpg 300w, https:\/\/marianataglioretti.com\/wp-content\/uploads\/2024\/03\/DSC06487-768x608.jpg 768w, https:\/\/marianataglioretti.com\/wp-content\/uploads\/2024\/03\/DSC06487-1536x1216.jpg 1536w, https:\/\/marianataglioretti.com\/wp-content\/uploads\/2024\/03\/DSC06487-2048x1621.jpg 2048w, https:\/\/marianataglioretti.com\/wp-content\/uploads\/2024\/03\/DSC06487-1320x1045.jpg 1320w, https:\/\/marianataglioretti.com\/wp-content\/uploads\/2024\/03\/DSC06487-600x475.jpg 600w\" sizes=\"(max-width: 1024px) 100vw, 1024px\" \/>\t\t\t\t\t\t\t\t\t\t\t\t\t\t\t<\/div>\n\t\t\t\t<\/div>\n\t\t\t\t<div class=\"elementor-element elementor-element-efb4d65 elementor-widget elementor-widget-text-editor\" data-id=\"efb4d65\" data-element_type=\"widget\" data-widget_type=\"text-editor.default\">\n\t\t\t\t<div class=\"elementor-widget-container\">\n\t\t\t\t\t\t\t\t\t<p>Soy pintora y navegante.<\/p><p>Mi pasi\u00f3n por la pintura comenz\u00f3 desde muy chica, junto con mi amor por el agua, el viento y los veleros.<\/p><p>Las idas y vueltas de la vida me llevaron por otros caminos, sin por ello cada tanto volver a conectar con ambas pasiones, hasta que un d\u00eda los colores y el agua se hicieron uno aprendiendo a pintar con acuarelas.<\/p><p>Pinto de manera autodidacta desde los once a\u00f1os, explorando distintas t\u00e9cnicas, para finalmente dedicarme especialmente a las acuarelas y al \u00f3leo.<\/p><p>Me fascina la naturaleza, su fuerza, el mar, sus colores, su fluir, las olas, el cielo, sus nubes, el viento, las tormentas, los azules en todos sus matices.<\/p><p>Me gusta captar la esencia de los momentos \u00fanicos que se aprecian desde arriba de un barco, la fotograf\u00eda logra captar parte de lo que quiero plasmar en un papel o lienzo, pero las sensaciones son las que prevalecen como gu\u00eda en el camino creativo.<\/p><p>\u00a0<\/p>\t\t\t\t\t\t\t\t<\/div>\n\t\t\t\t<\/div>\n\t\t\t\t<div class=\"elementor-element elementor-element-34fd983 gallery-spacing-custom elementor-widget elementor-widget-image-gallery\" data-id=\"34fd983\" data-element_type=\"widget\" data-widget_type=\"image-gallery.default\">\n\t\t\t\t<div class=\"elementor-widget-container\">\n\t\t\t\t\t\t\t<div class=\"elementor-image-gallery\">\n\t\t\t<div id='gallery-1' class='gallery galleryid-272 gallery-columns-7 gallery-size-thumbnail'><figure class='gallery-item'>\n\t\t\t<div class='gallery-icon landscape'>\n\t\t\t\t<a data-elementor-open-lightbox=\"yes\" data-elementor-lightbox-slideshow=\"34fd983\" data-elementor-lightbox-title=\"1\" data-e-action-hash=\"#elementor-action%3Aaction%3Dlightbox%26settings%3DeyJpZCI6NTM0LCJ1cmwiOiJodHRwczpcL1wvbWFyaWFuYXRhZ2xpb3JldHRpLmNvbVwvd3AtY29udGVudFwvdXBsb2Fkc1wvMjAyNFwvMDNcLzEtMS5wbmciLCJzbGlkZXNob3ciOiIzNGZkOTgzIn0%3D\" href='https:\/\/marianataglioretti.com\/wp-content\/uploads\/2024\/03\/1-1.png'><img decoding=\"async\" width=\"150\" height=\"150\" src=\"https:\/\/marianataglioretti.com\/wp-content\/uploads\/2024\/03\/1-1-150x150.png\" class=\"attachment-thumbnail size-thumbnail\" alt=\"\" srcset=\"https:\/\/marianataglioretti.com\/wp-content\/uploads\/2024\/03\/1-1-150x150.png 150w, https:\/\/marianataglioretti.com\/wp-content\/uploads\/2024\/03\/1-1-300x300.png 300w, https:\/\/marianataglioretti.com\/wp-content\/uploads\/2024\/03\/1-1-1024x1024.png 1024w, https:\/\/marianataglioretti.com\/wp-content\/uploads\/2024\/03\/1-1-768x768.png 768w, https:\/\/marianataglioretti.com\/wp-content\/uploads\/2024\/03\/1-1-600x600.png 600w, https:\/\/marianataglioretti.com\/wp-content\/uploads\/2024\/03\/1-1-100x100.png 100w, https:\/\/marianataglioretti.com\/wp-content\/uploads\/2024\/03\/1-1.png 1080w\" sizes=\"(max-width: 150px) 100vw, 150px\" \/><\/a>\n\t\t\t<\/div><\/figure><figure class='gallery-item'>\n\t\t\t<div class='gallery-icon landscape'>\n\t\t\t\t<a data-elementor-open-lightbox=\"yes\" data-elementor-lightbox-slideshow=\"34fd983\" data-elementor-lightbox-title=\"2\" data-e-action-hash=\"#elementor-action%3Aaction%3Dlightbox%26settings%3DeyJpZCI6NTM1LCJ1cmwiOiJodHRwczpcL1wvbWFyaWFuYXRhZ2xpb3JldHRpLmNvbVwvd3AtY29udGVudFwvdXBsb2Fkc1wvMjAyNFwvMDNcLzIucG5nIiwic2xpZGVzaG93IjoiMzRmZDk4MyJ9\" href='https:\/\/marianataglioretti.com\/wp-content\/uploads\/2024\/03\/2.png'><img decoding=\"async\" width=\"150\" height=\"150\" src=\"https:\/\/marianataglioretti.com\/wp-content\/uploads\/2024\/03\/2-150x150.png\" class=\"attachment-thumbnail size-thumbnail\" alt=\"\" srcset=\"https:\/\/marianataglioretti.com\/wp-content\/uploads\/2024\/03\/2-150x150.png 150w, https:\/\/marianataglioretti.com\/wp-content\/uploads\/2024\/03\/2-300x300.png 300w, https:\/\/marianataglioretti.com\/wp-content\/uploads\/2024\/03\/2-1024x1024.png 1024w, https:\/\/marianataglioretti.com\/wp-content\/uploads\/2024\/03\/2-768x768.png 768w, https:\/\/marianataglioretti.com\/wp-content\/uploads\/2024\/03\/2-600x600.png 600w, https:\/\/marianataglioretti.com\/wp-content\/uploads\/2024\/03\/2-100x100.png 100w, https:\/\/marianataglioretti.com\/wp-content\/uploads\/2024\/03\/2.png 1080w\" sizes=\"(max-width: 150px) 100vw, 150px\" \/><\/a>\n\t\t\t<\/div><\/figure><figure class='gallery-item'>\n\t\t\t<div class='gallery-icon landscape'>\n\t\t\t\t<a data-elementor-open-lightbox=\"yes\" data-elementor-lightbox-slideshow=\"34fd983\" data-elementor-lightbox-title=\"5\" data-e-action-hash=\"#elementor-action%3Aaction%3Dlightbox%26settings%3DeyJpZCI6NTM4LCJ1cmwiOiJodHRwczpcL1wvbWFyaWFuYXRhZ2xpb3JldHRpLmNvbVwvd3AtY29udGVudFwvdXBsb2Fkc1wvMjAyNFwvMDNcLzUtMS5wbmciLCJzbGlkZXNob3ciOiIzNGZkOTgzIn0%3D\" href='https:\/\/marianataglioretti.com\/wp-content\/uploads\/2024\/03\/5-1.png'><img loading=\"lazy\" decoding=\"async\" width=\"150\" height=\"150\" src=\"https:\/\/marianataglioretti.com\/wp-content\/uploads\/2024\/03\/5-1-150x150.png\" class=\"attachment-thumbnail size-thumbnail\" alt=\"\" srcset=\"https:\/\/marianataglioretti.com\/wp-content\/uploads\/2024\/03\/5-1-150x150.png 150w, https:\/\/marianataglioretti.com\/wp-content\/uploads\/2024\/03\/5-1-300x300.png 300w, https:\/\/marianataglioretti.com\/wp-content\/uploads\/2024\/03\/5-1-1024x1024.png 1024w, https:\/\/marianataglioretti.com\/wp-content\/uploads\/2024\/03\/5-1-768x768.png 768w, https:\/\/marianataglioretti.com\/wp-content\/uploads\/2024\/03\/5-1-600x600.png 600w, https:\/\/marianataglioretti.com\/wp-content\/uploads\/2024\/03\/5-1-100x100.png 100w, https:\/\/marianataglioretti.com\/wp-content\/uploads\/2024\/03\/5-1.png 1080w\" sizes=\"(max-width: 150px) 100vw, 150px\" \/><\/a>\n\t\t\t<\/div><\/figure><figure class='gallery-item'>\n\t\t\t<div class='gallery-icon landscape'>\n\t\t\t\t<a data-elementor-open-lightbox=\"yes\" data-elementor-lightbox-slideshow=\"34fd983\" data-elementor-lightbox-title=\"7\" data-e-action-hash=\"#elementor-action%3Aaction%3Dlightbox%26settings%3DeyJpZCI6NTMyLCJ1cmwiOiJodHRwczpcL1wvbWFyaWFuYXRhZ2xpb3JldHRpLmNvbVwvd3AtY29udGVudFwvdXBsb2Fkc1wvMjAyNFwvMDNcLzcucG5nIiwic2xpZGVzaG93IjoiMzRmZDk4MyJ9\" href='https:\/\/marianataglioretti.com\/wp-content\/uploads\/2024\/03\/7.png'><img loading=\"lazy\" decoding=\"async\" width=\"150\" height=\"150\" src=\"https:\/\/marianataglioretti.com\/wp-content\/uploads\/2024\/03\/7-150x150.png\" class=\"attachment-thumbnail size-thumbnail\" alt=\"\" srcset=\"https:\/\/marianataglioretti.com\/wp-content\/uploads\/2024\/03\/7-150x150.png 150w, https:\/\/marianataglioretti.com\/wp-content\/uploads\/2024\/03\/7-300x300.png 300w, https:\/\/marianataglioretti.com\/wp-content\/uploads\/2024\/03\/7-1024x1024.png 1024w, https:\/\/marianataglioretti.com\/wp-content\/uploads\/2024\/03\/7-768x768.png 768w, https:\/\/marianataglioretti.com\/wp-content\/uploads\/2024\/03\/7-600x600.png 600w, https:\/\/marianataglioretti.com\/wp-content\/uploads\/2024\/03\/7-100x100.png 100w, https:\/\/marianataglioretti.com\/wp-content\/uploads\/2024\/03\/7.png 1080w\" sizes=\"(max-width: 150px) 100vw, 150px\" \/><\/a>\n\t\t\t<\/div><\/figure><figure class='gallery-item'>\n\t\t\t<div class='gallery-icon landscape'>\n\t\t\t\t<a data-elementor-open-lightbox=\"yes\" data-elementor-lightbox-slideshow=\"34fd983\" data-elementor-lightbox-title=\"3\" data-e-action-hash=\"#elementor-action%3Aaction%3Dlightbox%26settings%3DeyJpZCI6NTM2LCJ1cmwiOiJodHRwczpcL1wvbWFyaWFuYXRhZ2xpb3JldHRpLmNvbVwvd3AtY29udGVudFwvdXBsb2Fkc1wvMjAyNFwvMDNcLzMtMS5wbmciLCJzbGlkZXNob3ciOiIzNGZkOTgzIn0%3D\" href='https:\/\/marianataglioretti.com\/wp-content\/uploads\/2024\/03\/3-1.png'><img loading=\"lazy\" decoding=\"async\" width=\"150\" height=\"150\" src=\"https:\/\/marianataglioretti.com\/wp-content\/uploads\/2024\/03\/3-1-150x150.png\" class=\"attachment-thumbnail size-thumbnail\" alt=\"\" srcset=\"https:\/\/marianataglioretti.com\/wp-content\/uploads\/2024\/03\/3-1-150x150.png 150w, https:\/\/marianataglioretti.com\/wp-content\/uploads\/2024\/03\/3-1-300x300.png 300w, https:\/\/marianataglioretti.com\/wp-content\/uploads\/2024\/03\/3-1-1024x1024.png 1024w, https:\/\/marianataglioretti.com\/wp-content\/uploads\/2024\/03\/3-1-768x768.png 768w, https:\/\/marianataglioretti.com\/wp-content\/uploads\/2024\/03\/3-1-600x600.png 600w, https:\/\/marianataglioretti.com\/wp-content\/uploads\/2024\/03\/3-1-100x100.png 100w, https:\/\/marianataglioretti.com\/wp-content\/uploads\/2024\/03\/3-1.png 1080w\" sizes=\"(max-width: 150px) 100vw, 150px\" \/><\/a>\n\t\t\t<\/div><\/figure><figure class='gallery-item'>\n\t\t\t<div class='gallery-icon landscape'>\n\t\t\t\t<a data-elementor-open-lightbox=\"yes\" data-elementor-lightbox-slideshow=\"34fd983\" data-elementor-lightbox-title=\"6\" data-e-action-hash=\"#elementor-action%3Aaction%3Dlightbox%26settings%3DeyJpZCI6NTM5LCJ1cmwiOiJodHRwczpcL1wvbWFyaWFuYXRhZ2xpb3JldHRpLmNvbVwvd3AtY29udGVudFwvdXBsb2Fkc1wvMjAyNFwvMDNcLzYucG5nIiwic2xpZGVzaG93IjoiMzRmZDk4MyJ9\" href='https:\/\/marianataglioretti.com\/wp-content\/uploads\/2024\/03\/6.png'><img loading=\"lazy\" decoding=\"async\" width=\"150\" height=\"150\" src=\"https:\/\/marianataglioretti.com\/wp-content\/uploads\/2024\/03\/6-150x150.png\" class=\"attachment-thumbnail size-thumbnail\" alt=\"\" srcset=\"https:\/\/marianataglioretti.com\/wp-content\/uploads\/2024\/03\/6-150x150.png 150w, https:\/\/marianataglioretti.com\/wp-content\/uploads\/2024\/03\/6-300x300.png 300w, https:\/\/marianataglioretti.com\/wp-content\/uploads\/2024\/03\/6-1024x1024.png 1024w, https:\/\/marianataglioretti.com\/wp-content\/uploads\/2024\/03\/6-768x768.png 768w, https:\/\/marianataglioretti.com\/wp-content\/uploads\/2024\/03\/6-600x600.png 600w, https:\/\/marianataglioretti.com\/wp-content\/uploads\/2024\/03\/6-100x100.png 100w, https:\/\/marianataglioretti.com\/wp-content\/uploads\/2024\/03\/6.png 1080w\" sizes=\"(max-width: 150px) 100vw, 150px\" \/><\/a>\n\t\t\t<\/div><\/figure><figure class='gallery-item'>\n\t\t\t<div class='gallery-icon landscape'>\n\t\t\t\t<a data-elementor-open-lightbox=\"yes\" data-elementor-lightbox-slideshow=\"34fd983\" data-elementor-lightbox-title=\"4\" data-e-action-hash=\"#elementor-action%3Aaction%3Dlightbox%26settings%3DeyJpZCI6NTM3LCJ1cmwiOiJodHRwczpcL1wvbWFyaWFuYXRhZ2xpb3JldHRpLmNvbVwvd3AtY29udGVudFwvdXBsb2Fkc1wvMjAyNFwvMDNcLzQtMi5wbmciLCJzbGlkZXNob3ciOiIzNGZkOTgzIn0%3D\" href='https:\/\/marianataglioretti.com\/wp-content\/uploads\/2024\/03\/4-2.png'><img loading=\"lazy\" decoding=\"async\" width=\"150\" height=\"150\" src=\"https:\/\/marianataglioretti.com\/wp-content\/uploads\/2024\/03\/4-2-150x150.png\" class=\"attachment-thumbnail size-thumbnail\" alt=\"\" srcset=\"https:\/\/marianataglioretti.com\/wp-content\/uploads\/2024\/03\/4-2-150x150.png 150w, https:\/\/marianataglioretti.com\/wp-content\/uploads\/2024\/03\/4-2-300x300.png 300w, https:\/\/marianataglioretti.com\/wp-content\/uploads\/2024\/03\/4-2-1024x1024.png 1024w, https:\/\/marianataglioretti.com\/wp-content\/uploads\/2024\/03\/4-2-768x768.png 768w, https:\/\/marianataglioretti.com\/wp-content\/uploads\/2024\/03\/4-2-600x600.png 600w, https:\/\/marianataglioretti.com\/wp-content\/uploads\/2024\/03\/4-2-100x100.png 100w, https:\/\/marianataglioretti.com\/wp-content\/uploads\/2024\/03\/4-2.png 1080w\" sizes=\"(max-width: 150px) 100vw, 150px\" \/><\/a>\n\t\t\t<\/div><\/figure>\n\t\t<\/div>\n\t\t<\/div>\n\t\t\t\t\t\t<\/div>\n\t\t\t\t<\/div>\n\t\t\t\t<div class=\"elementor-element elementor-element-413ed84 elementor-widget elementor-widget-spacer\" data-id=\"413ed84\" data-element_type=\"widget\" data-widget_type=\"spacer.default\">\n\t\t\t\t<div class=\"elementor-widget-container\">\n\t\t\t\t\t\t\t<div class=\"elementor-spacer\">\n\t\t\t<div class=\"elementor-spacer-inner\"><\/div>\n\t\t<\/div>\n\t\t\t\t\t\t<\/div>\n\t\t\t\t<\/div>\n\t\t\t\t\t<\/div>\n\t\t\t\t<\/div>\n\t\t\t\t<section class=\"elementor-section elementor-top-section elementor-element elementor-element-1d9dc5f elementor-section-height-min-height elementor-section-boxed elementor-section-height-default elementor-section-items-middle\" data-id=\"1d9dc5f\" data-element_type=\"section\" data-settings=\"{&quot;background_background&quot;:&quot;classic&quot;}\">\n\t\t\t\t\t\t\t<div class=\"elementor-background-overlay\"><\/div>\n\t\t\t\t\t\t\t<div class=\"elementor-container elementor-column-gap-no\">\n\t\t\t\t\t<div class=\"elementor-column elementor-col-100 elementor-top-column elementor-element elementor-element-9e911de\" data-id=\"9e911de\" data-element_type=\"column\" data-settings=\"{&quot;background_background&quot;:&quot;classic&quot;}\">\n\t\t\t<div class=\"elementor-widget-wrap elementor-element-populated\">\n\t\t\t\t\t\t<div class=\"elementor-element elementor-element-46048a3e elementor-widget elementor-widget-heading\" data-id=\"46048a3e\" data-element_type=\"widget\" data-widget_type=\"heading.default\">\n\t\t\t\t<div class=\"elementor-widget-container\">\n\t\t\t\t\t<h3 class=\"elementor-heading-title elementor-size-default\">Conoc\u00e9 m\u00e1s de mi trabajo<\/h3>\t\t\t\t<\/div>\n\t\t\t\t<\/div>\n\t\t\t\t<div class=\"elementor-element elementor-element-3221f425 elementor-widget elementor-widget-heading\" data-id=\"3221f425\" data-element_type=\"widget\" data-widget_type=\"heading.default\">\n\t\t\t\t<div class=\"elementor-widget-container\">\n\t\t\t\t\t<h2 class=\"elementor-heading-title elementor-size-default\"><a href=\"https:\/\/marianataglioretti.com\/index.php\/tienda\/\">E-SHOP<\/a><\/h2>\t\t\t\t<\/div>\n\t\t\t\t<\/div>\n\t\t\t\t<div class=\"elementor-element elementor-element-622a7873 elementor-shape-circle elementor-grid-0 e-grid-align-center elementor-widget elementor-widget-social-icons\" data-id=\"622a7873\" data-element_type=\"widget\" data-widget_type=\"social-icons.default\">\n\t\t\t\t<div class=\"elementor-widget-container\">\n\t\t\t\t\t\t\t<div class=\"elementor-social-icons-wrapper elementor-grid\" role=\"list\">\n\t\t\t\t\t\t\t<span class=\"elementor-grid-item\" role=\"listitem\">\n\t\t\t\t\t<a class=\"elementor-icon elementor-social-icon elementor-social-icon-envelope elementor-animation-float elementor-repeater-item-936ea2c\" href=\"http:\/\/marianataglioretti@gmail.com\" target=\"_blank\">\n\t\t\t\t\t\t<span class=\"elementor-screen-only\">Envelope<\/span>\n\t\t\t\t\t\t<svg aria-hidden=\"true\" class=\"e-font-icon-svg e-fas-envelope\" viewBox=\"0 0 512 512\" xmlns=\"http:\/\/www.w3.org\/2000\/svg\"><path d=\"M502.3 190.8c3.9-3.1 9.7-.2 9.7 4.7V400c0 26.5-21.5 48-48 48H48c-26.5 0-48-21.5-48-48V195.6c0-5 5.7-7.8 9.7-4.7 22.4 17.4 52.1 39.5 154.1 113.6 21.1 15.4 56.7 47.8 92.2 47.6 35.7.3 72-32.8 92.3-47.6 102-74.1 131.6-96.3 154-113.7zM256 320c23.2.4 56.6-29.2 73.4-41.4 132.7-96.3 142.8-104.7 173.4-128.7 5.8-4.5 9.2-11.5 9.2-18.9v-19c0-26.5-21.5-48-48-48H48C21.5 64 0 85.5 0 112v19c0 7.4 3.4 14.3 9.2 18.9 30.6 23.9 40.7 32.4 173.4 128.7 16.8 12.2 50.2 41.8 73.4 41.4z\"><\/path><\/svg>\t\t\t\t\t<\/a>\n\t\t\t\t<\/span>\n\t\t\t\t\t\t\t<span class=\"elementor-grid-item\" role=\"listitem\">\n\t\t\t\t\t<a class=\"elementor-icon elementor-social-icon elementor-social-icon-facebook-f elementor-animation-float elementor-repeater-item-5b53172\" href=\"https:\/\/www.facebook.com\/profile.php?id=61556990256460\" target=\"_blank\">\n\t\t\t\t\t\t<span class=\"elementor-screen-only\">Facebook-f<\/span>\n\t\t\t\t\t\t<svg aria-hidden=\"true\" class=\"e-font-icon-svg e-fab-facebook-f\" viewBox=\"0 0 320 512\" xmlns=\"http:\/\/www.w3.org\/2000\/svg\"><path d=\"M279.14 288l14.22-92.66h-88.91v-60.13c0-25.35 12.42-50.06 52.24-50.06h40.42V6.26S260.43 0 225.36 0c-73.22 0-121.08 44.38-121.08 124.72v70.62H22.89V288h81.39v224h100.17V288z\"><\/path><\/svg>\t\t\t\t\t<\/a>\n\t\t\t\t<\/span>\n\t\t\t\t\t\t\t<span class=\"elementor-grid-item\" role=\"listitem\">\n\t\t\t\t\t<a class=\"elementor-icon elementor-social-icon elementor-social-icon-instagram elementor-animation-float elementor-repeater-item-249cab1\" href=\"https:\/\/www.instagram.com\/mariantagliorettiarte\/\" target=\"_blank\">\n\t\t\t\t\t\t<span class=\"elementor-screen-only\">Instagram<\/span>\n\t\t\t\t\t\t<svg aria-hidden=\"true\" class=\"e-font-icon-svg e-fab-instagram\" viewBox=\"0 0 448 512\" xmlns=\"http:\/\/www.w3.org\/2000\/svg\"><path d=\"M224.1 141c-63.6 0-114.9 51.3-114.9 114.9s51.3 114.9 114.9 114.9S339 319.5 339 255.9 287.7 141 224.1 141zm0 189.6c-41.1 0-74.7-33.5-74.7-74.7s33.5-74.7 74.7-74.7 74.7 33.5 74.7 74.7-33.6 74.7-74.7 74.7zm146.4-194.3c0 14.9-12 26.8-26.8 26.8-14.9 0-26.8-12-26.8-26.8s12-26.8 26.8-26.8 26.8 12 26.8 26.8zm76.1 27.2c-1.7-35.9-9.9-67.7-36.2-93.9-26.2-26.2-58-34.4-93.9-36.2-37-2.1-147.9-2.1-184.9 0-35.8 1.7-67.6 9.9-93.9 36.1s-34.4 58-36.2 93.9c-2.1 37-2.1 147.9 0 184.9 1.7 35.9 9.9 67.7 36.2 93.9s58 34.4 93.9 36.2c37 2.1 147.9 2.1 184.9 0 35.9-1.7 67.7-9.9 93.9-36.2 26.2-26.2 34.4-58 36.2-93.9 2.1-37 2.1-147.8 0-184.8zM398.8 388c-7.8 19.6-22.9 34.7-42.6 42.6-29.5 11.7-99.5 9-132.1 9s-102.7 2.6-132.1-9c-19.6-7.8-34.7-22.9-42.6-42.6-11.7-29.5-9-99.5-9-132.1s-2.6-102.7 9-132.1c7.8-19.6 22.9-34.7 42.6-42.6 29.5-11.7 99.5-9 132.1-9s102.7-2.6 132.1 9c19.6 7.8 34.7 22.9 42.6 42.6 11.7 29.5 9 99.5 9 132.1s2.7 102.7-9 132.1z\"><\/path><\/svg>\t\t\t\t\t<\/a>\n\t\t\t\t<\/span>\n\t\t\t\t\t<\/div>\n\t\t\t\t\t\t<\/div>\n\t\t\t\t<\/div>\n\t\t\t\t\t<\/div>\n\t\t<\/div>\n\t\t\t\t\t<\/div>\n\t\t<\/section>\n\t\t<div class=\"elementor-element elementor-element-489bc1c e-flex e-con-boxed e-con e-parent\" data-id=\"489bc1c\" data-element_type=\"container\">\n\t\t\t\t\t<div class=\"e-con-inner\">\n\t\t\t\t\t<\/div>\n\t\t\t\t<\/div>\n\t\t\t\t<\/div>\n\t\t","protected":false},"excerpt":{"rendered":"<p>bio Soy pintora y navegante. Mi pasi\u00f3n por la pintura comenz\u00f3 desde muy chica, junto con mi amor por el [&hellip;]<\/p>\n","protected":false},"author":1,"featured_media":0,"parent":0,"menu_order":0,"comment_status":"closed","ping_status":"closed","template":"","meta":{"om_disable_all_campaigns":false,"site-sidebar-layout":"no-sidebar","site-content-layout":"","ast-site-content-layout":"full-width-container","site-content-style":"default","site-sidebar-style":"default","ast-global-header-display":"","ast-banner-title-visibility":"","ast-main-header-display":"","ast-hfb-above-header-display":"","ast-hfb-below-header-display":"","ast-hfb-mobile-header-display":"","site-post-title":"disabled","ast-breadcrumbs-content":"","ast-featured-img":"disabled","footer-sml-layout":"","theme-transparent-header-meta":"","adv-header-id-meta":"","stick-header-meta":"","header-above-stick-meta":"","header-main-stick-meta":"","header-below-stick-meta":"","astra-migrate-meta-layouts":"default","ast-page-background-enabled":"default","ast-page-background-meta":{"desktop":{"background-color":"var(--ast-global-color-4)","background-image":"","background-repeat":"repeat","background-position":"center center","background-size":"auto","background-attachment":"scroll","background-type":"","background-media":"","overlay-type":"","overlay-color":"","overlay-opacity":"","overlay-gradient":""},"tablet":{"background-color":"","background-image":"","background-repeat":"repeat","background-position":"center center","background-size":"auto","background-attachment":"scroll","background-type":"","background-media":"","overlay-type":"","overlay-color":"","overlay-opacity":"","overlay-gradient":""},"mobile":{"background-color":"","background-image":"","background-repeat":"repeat","background-position":"center center","background-size":"auto","background-attachment":"scroll","background-type":"","background-media":"","overlay-type":"","overlay-color":"","overlay-opacity":"","overlay-gradient":""}},"ast-content-background-meta":{"desktop":{"background-color":"var(--ast-global-color-5)","background-image":"","background-repeat":"repeat","background-position":"center center","background-size":"auto","background-attachment":"scroll","background-type":"","background-media":"","overlay-type":"","overlay-color":"","overlay-opacity":"","overlay-gradient":""},"tablet":{"background-color":"var(--ast-global-color-5)","background-image":"","background-repeat":"repeat","background-position":"center center","background-size":"auto","background-attachment":"scroll","background-type":"","background-media":"","overlay-type":"","overlay-color":"","overlay-opacity":"","overlay-gradient":""},"mobile":{"background-color":"var(--ast-global-color-5)","background-image":"","background-repeat":"repeat","background-position":"center center","background-size":"auto","background-attachment":"scroll","background-type":"","background-media":"","overlay-type":"","overlay-color":"","overlay-opacity":"","overlay-gradient":""}},"footnotes":""},"class_list":["post-272","page","type-page","status-publish","hentry"],"jetpack_sharing_enabled":true,"_links":{"self":[{"href":"https:\/\/marianataglioretti.com\/index.php\/wp-json\/wp\/v2\/pages\/272","targetHints":{"allow":["GET"]}}],"collection":[{"href":"https:\/\/marianataglioretti.com\/index.php\/wp-json\/wp\/v2\/pages"}],"about":[{"href":"https:\/\/marianataglioretti.com\/index.php\/wp-json\/wp\/v2\/types\/page"}],"author":[{"embeddable":true,"href":"https:\/\/marianataglioretti.com\/index.php\/wp-json\/wp\/v2\/users\/1"}],"replies":[{"embeddable":true,"href":"https:\/\/marianataglioretti.com\/index.php\/wp-json\/wp\/v2\/comments?post=272"}],"version-history":[{"count":64,"href":"https:\/\/marianataglioretti.com\/index.php\/wp-json\/wp\/v2\/pages\/272\/revisions"}],"predecessor-version":[{"id":634,"href":"https:\/\/marianataglioretti.com\/index.php\/wp-json\/wp\/v2\/pages\/272\/revisions\/634"}],"wp:attachment":[{"href":"https:\/\/marianataglioretti.com\/index.php\/wp-json\/wp\/v2\/media?parent=272"}],"curies":[{"name":"wp","href":"https:\/\/api.w.org\/{rel}","templated":true}]}}